{"id":66192,"date":"2017-10-16T16:27:49","date_gmt":"2017-10-16T14:27:49","guid":{"rendered":"http:\/\/magicolmac.com\/\/?page_id=66192"},"modified":"2018-02-27T15:08:28","modified_gmt":"2018-02-27T14:08:28","slug":"produit","status":"publish","type":"page","link":"https:\/\/magicolmac.com\/en\/produit\/","title":{"rendered":"Shop"},"content":{"rendered":"<p>[vc_row][vc_column column_width_percent=&#8221;100&#8243; align_horizontal=&#8221;align_center&#8221; overlay_alpha=&#8221;50&#8243; gutter_size=&#8221;3&#8243; medium_width=&#8221;0&#8243; mobile_width=&#8221;0&#8243; shift_x=&#8221;0&#8243; shift_y=&#8221;0&#8243; shift_y_down=&#8221;0&#8243; z_index=&#8221;0&#8243; width=&#8221;1\/1&#8243;][vc_column_text]OLMAC has to his credit 4 DVDs bringing together all of his creations, reserved for the use of magicians, and which have earned him the reputation of a magician belonging to the new generation bringing together talent and originality.[\/vc_column_text][vc_empty_space empty_h=&#8221;3&#8243;][\/vc_column][\/vc_row][vc_row unlock_row_content=&#8221;yes&#8221; row_height_percent=&#8221;0&#8243; override_padding=&#8221;yes&#8221; h_padding=&#8221;3&#8243; top_padding=&#8221;0&#8243; bottom_padding=&#8221;2&#8243; back_color=&#8221;color-nhtu&#8221; overlay_alpha=&#8221;50&#8243; gutter_size=&#8221;3&#8243; shift_y=&#8221;0&#8243; row_height_pixel=&#8221;500&#8243;][vc_column column_width_percent=&#8221;100&#8243; align_horizontal=&#8221;align_center&#8221; overlay_alpha=&#8221;50&#8243; gutter_size=&#8221;3&#8243; medium_width=&#8221;0&#8243; mobile_width=&#8221;0&#8243; shift_x=&#8221;0&#8243; shift_y=&#8221;-3&#8243; shift_y_fixed=&#8221;yes&#8221; z_index=&#8221;0&#8243; width=&#8221;1\/1&#8243;][uncode_index el_id=&#8221;index-140600&#8243; isotope_mode=&#8221;fitRows&#8221; loop=&#8221;size:12|order_by:title|order:ASC|post_type:product&#8221; filtering=&#8221;yes&#8221; filter_style=&#8221;dark&#8221; filtering_full_width=&#8221;yes&#8221; filtering_position=&#8221;center&#8221; filtering_uppercase=&#8221;yes&#8221; filter_mobile=&#8221;yes&#8221; infinite=&#8221;yes&#8221; infinite_button=&#8221;yes&#8221; infinite_button_shape=&#8221;btn-circle&#8221; infinite_button_color=&#8221;accent&#8221; footer_style=&#8221;dark&#8221; gutter_size=&#8221;1&#8243; product_items=&#8221;title,media|featured|onpost|original|hide-sale,price&#8221; portfolio_items=&#8221;media|featured|onpost|original,icon&#8221; screen_lg=&#8221;1000&#8243; screen_md=&#8221;600&#8243; screen_sm=&#8221;480&#8243; single_text=&#8221;overlay&#8221; single_width=&#8221;3&#8243; images_size=&#8221;three-four&#8221; single_overlay_color=&#8221;color-wayh&#8221; single_overlay_opacity=&#8221;40&#8243; single_h_align=&#8221;center&#8221; single_padding=&#8221;3&#8243; single_title_transform=&#8221;uppercase&#8221; single_title_dimension=&#8221;h6&#8243; single_border=&#8221;yes&#8221; single_css_animation=&#8221;bottom-t-top&#8221; single_animation_delay=&#8221;100&#8243; custom_order=&#8221;yes&#8221; single_icon=&#8221;fa fa-plus2&#8243; infinite_button_text=&#8221;Load more products&#8221; order_ids=&#8221;4081,4065,4063,4085,4078,2489,4087,4089,4140,4142,4146,4151,4154&#8243;][\/vc_column][\/vc_row]<\/p>","protected":false},"excerpt":{"rendered":"<p>[vc_row][vc_column column_width_percent=&#8221;100&#8243; align_horizontal=&#8221;align_center&#8221; overlay_alpha=&#8221;50&#8243; gutter_size=&#8221;3&#8243; medium_width=&#8221;0&#8243; mobile_width=&#8221;0&#8243; shift_x=&#8221;0&#8243; shift_y=&#8221;0&#8243; shift_y_down=&#8221;0&#8243; z_index=&#8221;0&#8243; width=&#8221;1\/1&#8243;][vc_column_text]OLMAC has to his credit 4 DVDs bringing together [&hellip;]<\/p>\n","protected":false},"author":1,"featured_media":0,"parent":0,"menu_order":0,"comment_status":"closed","ping_status":"closed","template":"","meta":[],"yoast_head":"<!-- This site is optimized with the Yoast SEO plugin v14.0.4 - https:\/\/yoast.com\/wordpress\/plugins\/seo\/ -->\n<title>D\u00e9couvrez les DVD du c\u00e9l\u00e8bre magicien OLMAC !<\/title>\n<meta name=\"description\" content=\"OLMAC compte \u00e0 son actif 5 DVDs r\u00e9unissant l\u2019ensemble de ses cr\u00e9ations, r\u00e9serv\u00e9s \u00e0 l\u2019utilisation des magiciens, mais aussi un livre de notes de conf\u00e9rences.\" \/>\n<meta name=\"robots\" content=\"index, follow\" \/>\n<meta name=\"googlebot\" content=\"index, follow, max-snippet:-1, max-image-preview:large, max-video-preview:-1\" \/>\n<meta name=\"bingbot\" content=\"index, follow, max-snippet:-1, max-image-preview:large, max-video-preview:-1\" \/>\n<link rel=\"canonical\" href=\"https:\/\/magicolmac.com\/produit\/\" \/>\n<meta property=\"og:locale\" content=\"en_US\" \/>\n<meta property=\"og:type\" content=\"article\" \/>\n<meta property=\"og:title\" content=\"D\u00e9couvrez les DVD du c\u00e9l\u00e8bre magicien OLMAC !\" \/>\n<meta property=\"og:description\" content=\"OLMAC compte \u00e0 son actif 5 DVDs r\u00e9unissant l\u2019ensemble de ses cr\u00e9ations, r\u00e9serv\u00e9s \u00e0 l\u2019utilisation des magiciens, mais aussi un livre de notes de conf\u00e9rences.\" \/>\n<meta property=\"og:url\" content=\"https:\/\/magicolmac.com\/produit\/\" \/>\n<meta property=\"og:site_name\" content=\"OLMAC\" \/>\n<meta property=\"article:modified_time\" content=\"2018-02-27T14:08:28+00:00\" \/>\n<meta name=\"twitter:card\" content=\"summary\" \/>\n<script type=\"application\/ld+json\" class=\"yoast-schema-graph\">{\"@context\":\"https:\/\/schema.org\",\"@graph\":[{\"@type\":\"WebSite\",\"@id\":\"https:\/\/magicolmac.com\/en\/#website\",\"url\":\"https:\/\/magicolmac.com\/en\/\",\"name\":\"OLMAC\",\"description\":\"\",\"potentialAction\":[{\"@type\":\"SearchAction\",\"target\":\"https:\/\/magicolmac.com\/en\/?s={search_term_string}\",\"query-input\":\"required name=search_term_string\"}],\"inLanguage\":\"en-US\"},{\"@type\":\"WebPage\",\"@id\":\"https:\/\/magicolmac.com\/produit\/#webpage\",\"url\":\"https:\/\/magicolmac.com\/produit\/\",\"name\":\"D\\u00e9couvrez les DVD du c\\u00e9l\\u00e8bre magicien OLMAC !\",\"isPartOf\":{\"@id\":\"https:\/\/magicolmac.com\/en\/#website\"},\"datePublished\":\"2017-10-16T14:27:49+00:00\",\"dateModified\":\"2018-02-27T14:08:28+00:00\",\"description\":\"OLMAC compte \\u00e0 son actif 5 DVDs r\\u00e9unissant l\\u2019ensemble de ses cr\\u00e9ations, r\\u00e9serv\\u00e9s \\u00e0 l\\u2019utilisation des magiciens, mais aussi un livre de notes de conf\\u00e9rences.\",\"inLanguage\":\"en-US\",\"potentialAction\":[{\"@type\":\"ReadAction\",\"target\":[\"https:\/\/magicolmac.com\/produit\/\"]}]}]}<\/script>\n<!-- \/ Yoast SEO plugin. -->","_links":{"self":[{"href":"https:\/\/magicolmac.com\/en\/wp-json\/wp\/v2\/pages\/66192"}],"collection":[{"href":"https:\/\/magicolmac.com\/en\/wp-json\/wp\/v2\/pages"}],"about":[{"href":"https:\/\/magicolmac.com\/en\/wp-json\/wp\/v2\/types\/page"}],"author":[{"embeddable":true,"href":"https:\/\/magicolmac.com\/en\/wp-json\/wp\/v2\/users\/1"}],"replies":[{"embeddable":true,"href":"https:\/\/magicolmac.com\/en\/wp-json\/wp\/v2\/comments?post=66192"}],"version-history":[{"count":35,"href":"https:\/\/magicolmac.com\/en\/wp-json\/wp\/v2\/pages\/66192\/revisions"}],"predecessor-version":[{"id":67096,"href":"https:\/\/magicolmac.com\/en\/wp-json\/wp\/v2\/pages\/66192\/revisions\/67096"}],"wp:attachment":[{"href":"https:\/\/magicolmac.com\/en\/wp-json\/wp\/v2\/media?parent=66192"}],"curies":[{"name":"wp","href":"https:\/\/api.w.org\/{rel}","templated":true}]}}