{"id":66710,"date":"2017-11-10T17:30:05","date_gmt":"2017-11-10T16:30:05","guid":{"rendered":"http:\/\/magicolmac.com\/\/?page_id=66710"},"modified":"2017-11-24T16:45:51","modified_gmt":"2017-11-24T15:45:51","slug":"galerie-videos-close-up","status":"publish","type":"page","link":"https:\/\/magicolmac.com\/en\/galerie-videos-close-up\/","title":{"rendered":"Galerie vid\u00e9os close-up"},"content":{"rendered":"<p>[vc_row row_height_percent=&#8221;0&#8243; back_color=&#8221;color-jevc&#8221; overlay_alpha=&#8221;50&#8243; gutter_size=&#8221;3&#8243; column_width_percent=&#8221;100&#8243; shift_y=&#8221;0&#8243; z_index=&#8221;0&#8243;][vc_column column_width_percent=&#8221;100&#8243; align_horizontal=&#8221;align_center&#8221; overlay_alpha=&#8221;50&#8243; gutter_size=&#8221;3&#8243; medium_width=&#8221;0&#8243; mobile_width=&#8221;0&#8243; shift_x=&#8221;0&#8243; shift_y=&#8221;0&#8243; shift_y_down=&#8221;0&#8243; z_index=&#8221;0&#8243; width=&#8221;1\/1&#8243;][vc_custom_heading text_size=&#8221;&#8221; text_font=&#8221;font-762333&#8243; text_weight=&#8221;700&#8243; sub_lead=&#8221;yes&#8221; sub_reduced=&#8221;yes&#8221; text_align=&#8221;text-center&#8221; text_serif=&#8221;&#8221; el_class=&#8221;titre1&#8243;]Close-up[\/vc_custom_heading][vc_single_image media=&#8221;66515&#8243; media_width_use_pixel=&#8221;yes&#8221; alignment=&#8221;center&#8221; media_width_pixel=&#8221;380&#8243;][\/vc_column][\/vc_row][vc_row row_height_percent=&#8221;0&#8243; back_color=&#8221;color-jevc&#8221; overlay_alpha=&#8221;50&#8243; gutter_size=&#8221;3&#8243; column_width_percent=&#8221;100&#8243; shift_y=&#8221;0&#8243; z_index=&#8221;0&#8243;][vc_column width=&#8221;1\/1&#8243;][vc_row_inner][vc_column_inner width=&#8221;1\/2&#8243;][vc_column_text]https:\/\/www.youtube.com\/watch?v=oq54YSyoCuE [\/vc_column_text][\/vc_column_inner][vc_column_inner width=&#8221;1\/2&#8243;][vc_column_text]<\/p>\n<div style=\"text-align: justify; padding-top: 50px;\">\n<p>Surnomm\u00e9 l&#8217;Ovni de la magie&#8230;.. OLMAC repr\u00e9sente la France au prochain championnat du monde qui se d\u00e9roulera d\u00e9but juillet 2015 en Italie. Killer effect, voici le OLMAC STYLE.<\/p>\n<p>Teaser r\u00e9alis\u00e9 par St\u00e9phane Payen<br \/>\nProduction: J\u00e9r\u00f4me Abraham 2\u00e8me Degr\u00e9 Productions<\/p>\n<\/div>\n<p>[\/vc_column_text][\/vc_column_inner][\/vc_row_inner][\/vc_column][\/vc_row][vc_row row_height_percent=&#8221;0&#8243; back_color=&#8221;color-jevc&#8221; overlay_alpha=&#8221;50&#8243; gutter_size=&#8221;3&#8243; column_width_percent=&#8221;100&#8243; shift_y=&#8221;0&#8243; z_index=&#8221;0&#8243;][vc_column width=&#8221;1\/1&#8243;][vc_row_inner][vc_column_inner width=&#8221;1\/2&#8243;][vc_column_text]<\/p>\n<div style=\"text-align: justify; padding-top: 50px;\">International famous world champion of magic.<\/div>\n<div style=\"text-align: justify; padding-top: 18px;\">Live at VIP parties<\/div>\n<p>[\/vc_column_text][\/vc_column_inner][vc_column_inner width=&#8221;1\/2&#8243;][vc_column_text]https:\/\/www.youtube.com\/watch?v=ieRLKe7xReg[\/vc_column_text][\/vc_column_inner][\/vc_row_inner][\/vc_column][\/vc_row]<\/p>\n","protected":false},"excerpt":{"rendered":"<p>[vc_row row_height_percent=&#8221;0&#8243; back_color=&#8221;color-jevc&#8221; overlay_alpha=&#8221;50&#8243; gutter_size=&#8221;3&#8243; column_width_percent=&#8221;100&#8243; shift_y=&#8221;0&#8243; z_index=&#8221;0&#8243;][vc_column column_width_percent=&#8221;100&#8243; align_horizontal=&#8221;align_center&#8221; overlay_alpha=&#8221;50&#8243; gutter_size=&#8221;3&#8243; medium_width=&#8221;0&#8243; mobile_width=&#8221;0&#8243; shift_x=&#8221;0&#8243; shift_y=&#8221;0&#8243; shift_y_down=&#8221;0&#8243; z_index=&#8221;0&#8243; width=&#8221;1\/1&#8243;][vc_custom_heading text_size=&#8221;&#8221; [&hellip;]<\/p>\n","protected":false},"author":1,"featured_media":0,"parent":0,"menu_order":0,"comment_status":"closed","ping_status":"closed","template":"","meta":[],"yoast_head":"<!-- This site is optimized with the Yoast SEO plugin v14.0.4 - https:\/\/yoast.com\/wordpress\/plugins\/seo\/ -->\n<title>Galerie vid\u00e9os close-up - OLMAC<\/title>\n<meta name=\"robots\" content=\"index, follow\" \/>\n<meta name=\"googlebot\" content=\"index, follow, max-snippet:-1, max-image-preview:large, max-video-preview:-1\" \/>\n<meta name=\"bingbot\" content=\"index, follow, max-snippet:-1, max-image-preview:large, max-video-preview:-1\" \/>\n<link rel=\"canonical\" href=\"https:\/\/magicolmac.com\/galerie-videos-close-up\/\" \/>\n<meta property=\"og:locale\" content=\"en_US\" \/>\n<meta property=\"og:type\" content=\"article\" \/>\n<meta property=\"og:title\" content=\"Galerie vid\u00e9os close-up - OLMAC\" \/>\n<meta property=\"og:description\" content=\"[vc_row row_height_percent=&#8221;0&#8243; back_color=&#8221;color-jevc&#8221; overlay_alpha=&#8221;50&#8243; gutter_size=&#8221;3&#8243; column_width_percent=&#8221;100&#8243; shift_y=&#8221;0&#8243; z_index=&#8221;0&#8243;][vc_column column_width_percent=&#8221;100&#8243; align_horizontal=&#8221;align_center&#8221; overlay_alpha=&#8221;50&#8243; gutter_size=&#8221;3&#8243; medium_width=&#8221;0&#8243; mobile_width=&#8221;0&#8243; shift_x=&#8221;0&#8243; shift_y=&#8221;0&#8243; shift_y_down=&#8221;0&#8243; z_index=&#8221;0&#8243; width=&#8221;1\/1&#8243;][vc_custom_heading text_size=&#8221;&#8221; [&hellip;]\" \/>\n<meta property=\"og:url\" content=\"https:\/\/magicolmac.com\/galerie-videos-close-up\/\" \/>\n<meta property=\"og:site_name\" content=\"OLMAC\" \/>\n<meta property=\"article:modified_time\" content=\"2017-11-24T15:45:51+00:00\" \/>\n<meta name=\"twitter:card\" content=\"summary\" \/>\n<script type=\"application\/ld+json\" class=\"yoast-schema-graph\">{\"@context\":\"https:\/\/schema.org\",\"@graph\":[{\"@type\":\"WebSite\",\"@id\":\"https:\/\/magicolmac.com\/en\/#website\",\"url\":\"https:\/\/magicolmac.com\/en\/\",\"name\":\"OLMAC\",\"description\":\"\",\"potentialAction\":[{\"@type\":\"SearchAction\",\"target\":\"https:\/\/magicolmac.com\/en\/?s={search_term_string}\",\"query-input\":\"required name=search_term_string\"}],\"inLanguage\":\"en-US\"},{\"@type\":\"WebPage\",\"@id\":\"https:\/\/magicolmac.com\/galerie-videos-close-up\/#webpage\",\"url\":\"https:\/\/magicolmac.com\/galerie-videos-close-up\/\",\"name\":\"Galerie vid\\u00e9os close-up - OLMAC\",\"isPartOf\":{\"@id\":\"https:\/\/magicolmac.com\/en\/#website\"},\"datePublished\":\"2017-11-10T16:30:05+00:00\",\"dateModified\":\"2017-11-24T15:45:51+00:00\",\"inLanguage\":\"en-US\",\"potentialAction\":[{\"@type\":\"ReadAction\",\"target\":[\"https:\/\/magicolmac.com\/galerie-videos-close-up\/\"]}]}]}<\/script>\n<!-- \/ Yoast SEO plugin. -->","_links":{"self":[{"href":"https:\/\/magicolmac.com\/en\/wp-json\/wp\/v2\/pages\/66710"}],"collection":[{"href":"https:\/\/magicolmac.com\/en\/wp-json\/wp\/v2\/pages"}],"about":[{"href":"https:\/\/magicolmac.com\/en\/wp-json\/wp\/v2\/types\/page"}],"author":[{"embeddable":true,"href":"https:\/\/magicolmac.com\/en\/wp-json\/wp\/v2\/users\/1"}],"replies":[{"embeddable":true,"href":"https:\/\/magicolmac.com\/en\/wp-json\/wp\/v2\/comments?post=66710"}],"version-history":[{"count":39,"href":"https:\/\/magicolmac.com\/en\/wp-json\/wp\/v2\/pages\/66710\/revisions"}],"predecessor-version":[{"id":67001,"href":"https:\/\/magicolmac.com\/en\/wp-json\/wp\/v2\/pages\/66710\/revisions\/67001"}],"wp:attachment":[{"href":"https:\/\/magicolmac.com\/en\/wp-json\/wp\/v2\/media?parent=66710"}],"curies":[{"name":"wp","href":"https:\/\/api.w.org\/{rel}","templated":true}]}}