{"id":66186,"date":"2017-10-16T15:42:05","date_gmt":"2017-10-16T13:42:05","guid":{"rendered":"http:\/\/magicolmac.com\/\/?post_type=product&#038;p=66186"},"modified":"2018-02-24T01:19:34","modified_gmt":"2018-02-24T00:19:34","slug":"controlfreak","status":"publish","type":"product","link":"https:\/\/magicolmac.com\/en\/http:\/magicolmac.com\/product\/sample-product\/controlfreak\/","title":{"rendered":"CONTROL FREAK"},"content":{"rendered":"<p>Experience new and totally invisible methods of card control from France&#8217;s award-winning magical entertainer Olivier Macia, along with seven devilish routines performed live in the V.I.P. tent at the 2002 Montreal Just for Laughs Festival. The One Card Pass, The Subtle Control and the astonishing Wow Control, plus their variations will all become deadly weapons in your close-up arsenal, and you will marvel at their effectiveness when performed under fire in real-world conditions!<\/p>\n<p>Controls: Control to Top Position, 2nd From Top Position, Bottom Position, Reversal In Middle, Control with Palming, Control with Boomerang Spin and Control to Sandwich.<\/p>\n<p>Techniques: Perfect Boomerang and many powerful changes: Rollover Change, Dark Change, Flash Change, Flip Spin, Flip Spin with Boomerang.<\/p>\n<p>Flashy, stunning modern style routines: Phoenix Card Production, Illusive 4 Aces, Mouth Surprise, Repeat Card to Pocket with Spectator Retrieval, 2 Invisible Cards, Foot Magic, Color Aces, Multiwich.<\/p>\n<p>Teaser Video:<\/p>\n<p><a href=\"https:\/\/youtu.be\/CB7bbTayMzk\">Video teaser de Control Freak<\/a><\/p>","protected":false},"excerpt":{"rendered":"<p>Discover the Underground techniques of OLMAC, in this DVD dedicated exclusively to cartomagie.<\/p>\n<p>https:\/\/www.youtube.com\/edit?o=U&amp;video_id=CB7bbTayMzk<\/p>\n","protected":false},"featured_media":66541,"template":"","meta":[],"yoast_head":"<!-- This site is optimized with the Yoast SEO plugin v14.0.4 - https:\/\/yoast.com\/wordpress\/plugins\/seo\/ -->\n<title>CONTROL FREAK - OLMAC<\/title>\n<meta name=\"robots\" content=\"index, follow\" \/>\n<meta name=\"googlebot\" content=\"index, follow, max-snippet:-1, max-image-preview:large, max-video-preview:-1\" \/>\n<meta name=\"bingbot\" content=\"index, follow, max-snippet:-1, max-image-preview:large, max-video-preview:-1\" \/>\n<link rel=\"canonical\" href=\"https:\/\/magicolmac.com\/http:\/magicolmac.com\/product\/sample-product\/controlfreak\/\" \/>\n<meta property=\"og:locale\" content=\"en_US\" \/>\n<meta property=\"og:type\" content=\"article\" \/>\n<meta property=\"og:title\" content=\"CONTROL FREAK - OLMAC\" \/>\n<meta property=\"og:description\" content=\"[:fr]D\u00e9couvrez les techniques Underground de OLMAC, dans ce DVD exclusivement consacr\u00e9 \u00e0 la cartomagie.  Video teaser de Control Freak[:en]Discover the Underground techniques of OLMAC, in this DVD dedicated exclusively to cartomagie.  https:\/\/www.youtube.com\/edit?o=U&amp;video_id=CB7bbTayMzk[:]\" \/>\n<meta property=\"og:url\" content=\"https:\/\/magicolmac.com\/http:\/magicolmac.com\/product\/sample-product\/controlfreak\/\" \/>\n<meta property=\"og:site_name\" content=\"OLMAC\" \/>\n<meta property=\"article:modified_time\" content=\"2018-02-24T00:19:34+00:00\" \/>\n<meta property=\"og:image\" content=\"https:\/\/magicolmac.com\/wp-content\/uploads\/2017\/10\/ctrl_freak_bigweb.jpg\" \/>\n\t<meta property=\"og:image:width\" content=\"407\" \/>\n\t<meta property=\"og:image:height\" content=\"540\" \/>\n<meta name=\"twitter:card\" content=\"summary\" \/>\n<script type=\"application\/ld+json\" class=\"yoast-schema-graph\">{\"@context\":\"https:\/\/schema.org\",\"@graph\":[{\"@type\":\"WebSite\",\"@id\":\"https:\/\/magicolmac.com\/en\/#website\",\"url\":\"https:\/\/magicolmac.com\/en\/\",\"name\":\"OLMAC\",\"description\":\"\",\"potentialAction\":[{\"@type\":\"SearchAction\",\"target\":\"https:\/\/magicolmac.com\/en\/?s={search_term_string}\",\"query-input\":\"required name=search_term_string\"}],\"inLanguage\":\"en-US\"},{\"@type\":\"ImageObject\",\"@id\":\"https:\/\/magicolmac.com\/http:\/magicolmac.com\/product\/sample-product\/controlfreak\/#primaryimage\",\"inLanguage\":\"en-US\",\"url\":\"https:\/\/magicolmac.com\/wp-content\/uploads\/2017\/10\/ctrl_freak_bigweb.jpg\",\"width\":407,\"height\":540,\"caption\":\"Jaquette DVD CONTROL FREAK\"},{\"@type\":\"WebPage\",\"@id\":\"https:\/\/magicolmac.com\/http:\/magicolmac.com\/product\/sample-product\/controlfreak\/#webpage\",\"url\":\"https:\/\/magicolmac.com\/http:\/magicolmac.com\/product\/sample-product\/controlfreak\/\",\"name\":\"CONTROL FREAK - OLMAC\",\"isPartOf\":{\"@id\":\"https:\/\/magicolmac.com\/en\/#website\"},\"primaryImageOfPage\":{\"@id\":\"https:\/\/magicolmac.com\/http:\/magicolmac.com\/product\/sample-product\/controlfreak\/#primaryimage\"},\"datePublished\":\"2017-10-16T13:42:05+00:00\",\"dateModified\":\"2018-02-24T00:19:34+00:00\",\"inLanguage\":\"en-US\",\"potentialAction\":[{\"@type\":\"ReadAction\",\"target\":[\"https:\/\/magicolmac.com\/http:\/magicolmac.com\/product\/sample-product\/controlfreak\/\"]}]}]}<\/script>\n<!-- \/ Yoast SEO plugin. -->","_links":{"self":[{"href":"https:\/\/magicolmac.com\/en\/wp-json\/wp\/v2\/product\/66186"}],"collection":[{"href":"https:\/\/magicolmac.com\/en\/wp-json\/wp\/v2\/product"}],"about":[{"href":"https:\/\/magicolmac.com\/en\/wp-json\/wp\/v2\/types\/product"}],"wp:featuredmedia":[{"embeddable":true,"href":"https:\/\/magicolmac.com\/en\/wp-json\/wp\/v2\/media\/66541"}],"wp:attachment":[{"href":"https:\/\/magicolmac.com\/en\/wp-json\/wp\/v2\/media?parent=66186"}],"curies":[{"name":"wp","href":"https:\/\/api.w.org\/{rel}","templated":true}]}}