{"id":66187,"date":"2017-10-16T15:44:04","date_gmt":"2017-10-16T13:44:04","guid":{"rendered":"http:\/\/magicolmac.com\/\/?post_type=product&#038;p=66187"},"modified":"2018-02-24T01:26:36","modified_gmt":"2018-02-24T00:26:36","slug":"atomikrevelation","status":"publish","type":"product","link":"https:\/\/magicolmac.com\/en\/http:\/magicolmac.com\/product\/sample-product\/atomikrevelation\/","title":{"rendered":"ATOMIK REVELATION (Card magic by OLMAC)"},"content":{"rendered":"<p>Tricks :<\/p>\n<p> Atomic olmac aces<br \/>\n Honour of Queen<br \/>\n Banza Aces<br \/>\n Trick surprise<br \/>\n Olmac transposition<br \/>\n Red aces or black<br \/>\n Magic jokers<br \/>\n Perfect hazar<br \/>\n Inexplicable card<\/p>\n<p>Techniques :<br \/>\nTrick production<\/p>\n<p> Trick production + boomerang<br \/>\n Trick project<br \/>\n Olmac invisible palming<br \/>\n James spin<\/p>\n<p>They said:<\/p>\n<p>&#8220;Dany Lary&#8221; FRANCE:<br \/>\nYou are a killer <\/p>\n<p>Patrick Sebastien Le PLUS GRAND CABARET DU MONDE FR2 TV FRANCE:<br \/>\nYou are amazing!!!<\/p>\n<p>Daniel RhodFrance:<br \/>\nThe french card worker of americain style.<\/p>\n<p>Chris Kenner USA:<br \/>\nFucking Crazy stuff!!!!<br \/>\nYou are amazing im your am\u00e9ricain shear leader<br \/>\nYou are the hight light of the convention at MAGIC LIVE LAS VEGAS 2017<\/p>\n<p>David Copperfield USA:<br \/>\nWonderfull job<\/p>\n<p>David Williamson USA:<br \/>\nShow me again please and again \u2026<\/p>\n<p>Etienne Pradier UK:<br \/>\nMen you fooled all magician, Killer magicmen you are.<\/p>\n<p>Florain Zimmer Germany:<br \/>\nOLMAC your are the best killer card worker<\/p>","protected":false},"excerpt":{"rendered":"<p>The seconde DVD of unique creation of OLMAC, he will show you some killer effect production, amazing change and card routine.<\/p>\n<p>If you need to use amazing visuel routine this DVD is for you.<\/p>\n<p>Look at the link vid\u00e9o and enjoy his amazing tricks.<br \/>\n<a href=\"https:\/\/www.youtube.com\/watch?v=Lq-IdSGr4II\" rel=\"noopener\" target=\"_blank\">Video Teaser de &#8220;ATOMIK REVELATION&#8221;<\/a><\/p>\n","protected":false},"featured_media":66787,"template":"","meta":[],"yoast_head":"<!-- This site is optimized with the Yoast SEO plugin v14.0.4 - https:\/\/yoast.com\/wordpress\/plugins\/seo\/ -->\n<title>ATOMIK REVELATION (Card magic by OLMAC) - OLMAC<\/title>\n<meta name=\"robots\" content=\"index, follow\" \/>\n<meta name=\"googlebot\" content=\"index, follow, max-snippet:-1, max-image-preview:large, max-video-preview:-1\" \/>\n<meta name=\"bingbot\" content=\"index, follow, max-snippet:-1, max-image-preview:large, max-video-preview:-1\" \/>\n<link rel=\"canonical\" href=\"https:\/\/magicolmac.com\/en\/http:\/magicolmac.com\/product\/sample-product\/atomikrevelation\/\" \/>\n<meta property=\"og:locale\" content=\"en_US\" \/>\n<meta property=\"og:type\" content=\"article\" \/>\n<meta property=\"og:title\" content=\"ATOMIK REVELATION (Card magic by OLMAC) - OLMAC\" \/>\n<meta property=\"og:description\" content=\"[:fr]Apr\u00e8s le succ\u00e8s de CONTROL FREAK, d\u00e9couvrez dans ce DVD les nouvelles cr\u00e9ations d\u2019OLMAC, ayant d\u00e9j\u00e0 \u00e0 son actif  Un vrai cocktail de nouveaut\u00e9s atomiques : fioritures, productions, changes\u2026 Cet expert en CLOSE-UP vous r\u00e9v\u00e8le sa magie dynamique, visuelle et percutante. Des techniques exceptionnelles et totalement r\u00e9volutionnaires \u00e0 ajouter \u00e0 votre r\u00e9pertoire. Plus de huit tours in\u00e9dits qui ont surpris autant le public que les plus grands experts de notre ART !!! Un BONUS incontournable rien que pour vos yeux.(Atomik change,l\u2019un des plus beau change a vue du monde !!!) Un BEST OF unique rien que pour le plaisir. A ne pas rater !!! Video Teaser de &quot;ATOMIK REVELATION&quot;[:en]The seconde DVD of unique creation of OLMAC, he will show you some killer effect production, amazing change and card routine.  If you need to use amazing visuel routine this DVD is for you.  Look at the link vid\u00e9o and enjoy his amazing tricks. Video Teaser de &quot;ATOMIK REVELATION&quot;[:]\" \/>\n<meta property=\"og:url\" content=\"https:\/\/magicolmac.com\/en\/http:\/magicolmac.com\/product\/sample-product\/atomikrevelation\/\" \/>\n<meta property=\"og:site_name\" content=\"OLMAC\" \/>\n<meta property=\"article:modified_time\" content=\"2018-02-24T00:26:36+00:00\" \/>\n<meta property=\"og:image\" content=\"https:\/\/magicolmac.com\/wp-content\/uploads\/2017\/09\/dvd-2.jpg\" \/>\n\t<meta property=\"og:image:width\" content=\"340\" \/>\n\t<meta property=\"og:image:height\" content=\"435\" \/>\n<meta name=\"twitter:card\" content=\"summary\" \/>\n<script type=\"application\/ld+json\" class=\"yoast-schema-graph\">{\"@context\":\"https:\/\/schema.org\",\"@graph\":[{\"@type\":\"WebSite\",\"@id\":\"https:\/\/magicolmac.com\/en\/#website\",\"url\":\"https:\/\/magicolmac.com\/en\/\",\"name\":\"OLMAC\",\"description\":\"\",\"potentialAction\":[{\"@type\":\"SearchAction\",\"target\":\"https:\/\/magicolmac.com\/en\/?s={search_term_string}\",\"query-input\":\"required name=search_term_string\"}],\"inLanguage\":\"en-US\"},{\"@type\":\"ImageObject\",\"@id\":\"https:\/\/magicolmac.com\/en\/http:\/magicolmac.com\/product\/sample-product\/atomikrevelation\/#primaryimage\",\"inLanguage\":\"en-US\",\"url\":\"https:\/\/magicolmac.com\/wp-content\/uploads\/2017\/09\/dvd-2.jpg\",\"width\":340,\"height\":435},{\"@type\":\"WebPage\",\"@id\":\"https:\/\/magicolmac.com\/en\/http:\/magicolmac.com\/product\/sample-product\/atomikrevelation\/#webpage\",\"url\":\"https:\/\/magicolmac.com\/en\/http:\/magicolmac.com\/product\/sample-product\/atomikrevelation\/\",\"name\":\"ATOMIK REVELATION (Card magic by OLMAC) - OLMAC\",\"isPartOf\":{\"@id\":\"https:\/\/magicolmac.com\/en\/#website\"},\"primaryImageOfPage\":{\"@id\":\"https:\/\/magicolmac.com\/en\/http:\/magicolmac.com\/product\/sample-product\/atomikrevelation\/#primaryimage\"},\"datePublished\":\"2017-10-16T13:44:04+00:00\",\"dateModified\":\"2018-02-24T00:26:36+00:00\",\"inLanguage\":\"en-US\",\"potentialAction\":[{\"@type\":\"ReadAction\",\"target\":[\"https:\/\/magicolmac.com\/en\/http:\/magicolmac.com\/product\/sample-product\/atomikrevelation\/\"]}]}]}<\/script>\n<!-- \/ Yoast SEO plugin. -->","_links":{"self":[{"href":"https:\/\/magicolmac.com\/en\/wp-json\/wp\/v2\/product\/66187"}],"collection":[{"href":"https:\/\/magicolmac.com\/en\/wp-json\/wp\/v2\/product"}],"about":[{"href":"https:\/\/magicolmac.com\/en\/wp-json\/wp\/v2\/types\/product"}],"wp:featuredmedia":[{"embeddable":true,"href":"https:\/\/magicolmac.com\/en\/wp-json\/wp\/v2\/media\/66787"}],"wp:attachment":[{"href":"https:\/\/magicolmac.com\/en\/wp-json\/wp\/v2\/media?parent=66187"}],"curies":[{"name":"wp","href":"https:\/\/api.w.org\/{rel}","templated":true}]}}