{"id":66190,"date":"2017-10-16T15:59:26","date_gmt":"2017-10-16T13:59:26","guid":{"rendered":"http:\/\/magicolmac.com\/\/?post_type=product&#038;p=66190"},"modified":"2020-04-08T18:30:59","modified_gmt":"2020-04-08T16:30:59","slug":"dvd-3","status":"publish","type":"product","link":"https:\/\/magicolmac.com\/en\/http:\/magicolmac.com\/product\/sample-product\/dvd-3\/","title":{"rendered":"OLMAC IN LONDON"},"content":{"rendered":"<p>Contents:<\/p>\n<p>Routines (8 Amazing Card Tricks):* Multiple Deck Reverse<br \/>\n* Full Deck Vanish to One<br \/>\n* Full Deck Vanish to One (version 2)<br \/>\n* Card in Box Repeat<br \/>\n* She Like Four Kings !!!<br \/>\n* Impossible Visual Ambitious<br \/>\n* Record Breaker Production<br \/>\n* The Parkinson Force<\/p>\n<p>Techniques:<\/p>\n<p>* Olmac Freaky Change<br \/>\n* Olmac Lightning Change<br \/>\n* Card in Mouth Revelation<\/p>\n<p>Bonus:<\/p>\n<p>* Olmac Ultra Production<br \/>\n* Multi Olmac Change<br \/>\n* Instant Double Change<br \/>\n* Amazing Floating (Teaser of Volume 2)<br \/>\n<\/p>","protected":false},"excerpt":{"rendered":"<p>The wait is over&#8230; After the success of Control Freak &#038; Atomik Revelation Olmac,his new DVD is finally her !<\/p>\n<p>From the multi award winning and European Close Up Champion, Olmac reveals some of his best and most closely guarded secrets of card magic.<\/p>\n<p>Never before released and known only to a few magicians worldwide he reveals brand new original and extremely visual card changes and tricks which have fooled magicians around the world. Discover new techniques and moves, you will be able to put into your act for maximum reactions and effect! If you want to have new and original card magic to fool your friends, magicians and lay people this is the DVD for you!<\/p>\n<p>Get your cards ready and enjoy !!!<br \/>\n<a href=\"https:\/\/www.youtube.com\/watch?v=cbtK95WSayM\" rel=\"noopener noreferrer\" target=\"_blank\">Video Teaser de &#8220;ATOMIK REVELATION&#8221;<\/a><\/p>\n","protected":false},"featured_media":66670,"template":"","meta":[],"yoast_head":"<!-- This site is optimized with the Yoast SEO plugin v14.0.4 - https:\/\/yoast.com\/wordpress\/plugins\/seo\/ -->\n<title>OLMAC IN LONDON - OLMAC<\/title>\n<meta name=\"robots\" content=\"index, follow\" \/>\n<meta name=\"googlebot\" content=\"index, follow, max-snippet:-1, max-image-preview:large, max-video-preview:-1\" \/>\n<meta name=\"bingbot\" content=\"index, follow, max-snippet:-1, max-image-preview:large, max-video-preview:-1\" \/>\n<link rel=\"canonical\" href=\"https:\/\/magicolmac.com\/http:\/magicolmac.com\/product\/sample-product\/dvd-3\/\" \/>\n<meta property=\"og:locale\" content=\"en_US\" \/>\n<meta property=\"og:type\" content=\"article\" \/>\n<meta property=\"og:title\" content=\"OLMAC IN LONDON - OLMAC\" \/>\n<meta property=\"og:description\" content=\"[:fr]Gagnant \u00e0 plusieurs reprises du \u00ab European Close Up Champion \u00bb, Olmac r\u00e9v\u00e8le certains de ces meilleurs secrets de techniques de cartes pourtant si bien gard\u00e9s.  Pour la toute premi\u00e8re fois, Olmac nous r\u00e9v\u00e8le des tours originaux et extr\u00eamement visuels, changes, routines qui ont surpris les magiciens du monde entier. D\u00e9couvrez de nouvelles techniques et mouvements que vous pourrez r\u00e9aliser pour vos routines et ainsi \u00e9pater votre public !  Munissez-vous de ce DVD sans plus attendre si vous souhaitez surprendre vos amis, votre famille ou tout autre public en effectuant des tours de cartes vraiment originaux ! Voir le teaser OLMAC IN LONDON[:en]The wait is over... After the success of Control Freak &amp; Atomik Revelation Olmac,his new DVD is finally her !   From the multi award winning and European Close Up Champion, Olmac reveals some of his best and most closely guarded secrets of card magic.  Never before released and known only to a few magicians worldwide he reveals brand new original and extremely visual card changes and tricks which have fooled magicians around the world. Discover new techniques and moves, you will be able to put into your act for maximum reactions and effect! If you want to have new and original card magic to fool your friends, magicians and lay people this is the DVD for you!  Get your cards ready and enjoy !!! Video Teaser de &quot;ATOMIK REVELATION&quot; [:]\" \/>\n<meta property=\"og:url\" content=\"https:\/\/magicolmac.com\/http:\/magicolmac.com\/product\/sample-product\/dvd-3\/\" \/>\n<meta property=\"og:site_name\" content=\"OLMAC\" \/>\n<meta property=\"article:modified_time\" content=\"2020-04-08T16:30:59+00:00\" \/>\n<meta property=\"og:image\" content=\"https:\/\/magicolmac.com\/wp-content\/uploads\/2017\/10\/DVD.jpg\" \/>\n\t<meta property=\"og:image:width\" content=\"214\" \/>\n\t<meta property=\"og:image:height\" content=\"300\" \/>\n<meta name=\"twitter:card\" content=\"summary\" \/>\n<script type=\"application\/ld+json\" class=\"yoast-schema-graph\">{\"@context\":\"https:\/\/schema.org\",\"@graph\":[{\"@type\":\"WebSite\",\"@id\":\"https:\/\/magicolmac.com\/en\/#website\",\"url\":\"https:\/\/magicolmac.com\/en\/\",\"name\":\"OLMAC\",\"description\":\"\",\"potentialAction\":[{\"@type\":\"SearchAction\",\"target\":\"https:\/\/magicolmac.com\/en\/?s={search_term_string}\",\"query-input\":\"required name=search_term_string\"}],\"inLanguage\":\"en-US\"},{\"@type\":\"ImageObject\",\"@id\":\"https:\/\/magicolmac.com\/http:\/magicolmac.com\/product\/sample-product\/dvd-3\/#primaryimage\",\"inLanguage\":\"en-US\",\"url\":\"https:\/\/magicolmac.com\/wp-content\/uploads\/2017\/10\/DVD.jpg\",\"width\":214,\"height\":300,\"caption\":\"DVD 3\"},{\"@type\":\"WebPage\",\"@id\":\"https:\/\/magicolmac.com\/http:\/magicolmac.com\/product\/sample-product\/dvd-3\/#webpage\",\"url\":\"https:\/\/magicolmac.com\/http:\/magicolmac.com\/product\/sample-product\/dvd-3\/\",\"name\":\"OLMAC IN LONDON - OLMAC\",\"isPartOf\":{\"@id\":\"https:\/\/magicolmac.com\/en\/#website\"},\"primaryImageOfPage\":{\"@id\":\"https:\/\/magicolmac.com\/http:\/magicolmac.com\/product\/sample-product\/dvd-3\/#primaryimage\"},\"datePublished\":\"2017-10-16T13:59:26+00:00\",\"dateModified\":\"2020-04-08T16:30:59+00:00\",\"inLanguage\":\"en-US\",\"potentialAction\":[{\"@type\":\"ReadAction\",\"target\":[\"https:\/\/magicolmac.com\/http:\/magicolmac.com\/product\/sample-product\/dvd-3\/\"]}]}]}<\/script>\n<!-- \/ Yoast SEO plugin. -->","_links":{"self":[{"href":"https:\/\/magicolmac.com\/en\/wp-json\/wp\/v2\/product\/66190"}],"collection":[{"href":"https:\/\/magicolmac.com\/en\/wp-json\/wp\/v2\/product"}],"about":[{"href":"https:\/\/magicolmac.com\/en\/wp-json\/wp\/v2\/types\/product"}],"wp:featuredmedia":[{"embeddable":true,"href":"https:\/\/magicolmac.com\/en\/wp-json\/wp\/v2\/media\/66670"}],"wp:attachment":[{"href":"https:\/\/magicolmac.com\/en\/wp-json\/wp\/v2\/media?parent=66190"}],"curies":[{"name":"wp","href":"https:\/\/api.w.org\/{rel}","templated":true}]}}